{"id":24201,"date":"2015-05-29T15:19:35","date_gmt":"2015-05-29T13:19:35","guid":{"rendered":"https:\/\/blog.fuertehoteles.com\/en\/?page_id=24201"},"modified":"2018-06-14T09:02:34","modified_gmt":"2018-06-14T09:02:34","slug":"condiciones-legales","status":"publish","type":"page","link":"https:\/\/blog.fuertehoteles.com\/de\/condiciones-legales\/","title":{"rendered":"Gesetzlicher Hinweis und Datenschutzrichtlinie"},"content":{"rendered":"<h2><strong>INFORMATION IN \u00dcBEREINSTIMMUNG MIT DEM GESETZ 34\/2002 VOM 11. JULI<\/strong><\/h2>\n<p>In \u00dcbereinstimmung mit den Bestimmungen des Artikels 10 des Gesetzes 34\/2002 vom 11. Juli \u00fcber die Dienste der Informationsgesellschaft und den elektronischen Gesch\u00e4ftsverkehr teilen wir Ihnen mit, dass der Eigent\u00fcmer dieser Webseite FUERTE GROUP S.L. mit der Steuernummer B-92120237 ist und unter folgender Adresse erreichbar ist:<\/p>\n<p>CALLE EL FUERTE S\/N<br \/>\n29601-MARBELLA (MALAGA)<br \/>\nTelefon: 952 920 028<br \/>\nFax: 952 824 411<br \/>\nE-Mail:\u00a0<a href=\"mailto:infogrupo@fuerte-group.com\">infogrupo@fuerte-group.com<\/a><strong><br \/>\n<\/strong>Datenschutzbeauftragter, f\u00fcr jede Art von Anfrage oder Anforderung:\u00a0<a href=\"mailto:dpo@fuerte-group.com\">dpo@fuerte-group.com<\/a><\/p>\n<p>Registro Mercantil de M\u00e1laga al Tomo 2500, Libro 1413, folio 132, Secci\u00f3n 8, Hoja MA-40981<\/p>\n<h2>DATENSCHUTZERKL\u00c4RUNG<\/h2>\n<p>In \u00dcbereinstimmung mit den Bestimmungen der Allgemeinen Datenschutzverordnung 2016\/679 informieren wir Sie \u00fcber Folgendes:<\/p>\n<p><u>ZWECKE AUF DER GRUNDLAGE DES VERTRAGSVERH\u00c4LTNISSES:<\/u><\/p>\n<ul>\n<li>Die pers\u00f6nlichen Daten der Kunden werden in dem Hotel, in dem sie sich aufhalten, und in der Zentrale der Fuerte Group gesammelt und verarbeitet, mit dem Ziel, die personalisierte vertragliche Leistung der Unterkunft sowie jede Bestellung oder Anfrage, die Sie an uns richten (Golf, Events, Spa, Transfer, etc.), zu erbringen. Personenbezogene Daten werden zu Abrechnungszwecken und ggf. zu Erhebungszwecken verarbeitet, sowie zur Durchf\u00fchrung von Qualit\u00e4tsuntersuchungen.<\/li>\n<\/ul>\n<p><u>ZWECKE AUF DER GRUNDLAGE GESETZLICHER VERPFLICHTUNGEN:<\/u><\/p>\n<ul>\n<li>Die pers\u00f6nlichen Daten der Kunden werden zur Erf\u00fcllung der verschiedenen gesetzlichen Verpflichtungen verarbeitet und den Sicherheits- und Polizeibeh\u00f6rden mitgeteilt.<\/li>\n<\/ul>\n<p><u>ZWECKE AUF DER GRUNDLAGE BERECHTIGTER INTERESSEN<\/u>:<\/p>\n<ul>\n<li>Die personenbezogenen Daten von G\u00e4sten, Besuchern, Mitarbeitern und Lieferanten im Zusammenhang mit dem Video\u00fcberwachungssystem des Hotels d\u00fcrfen nur f\u00fcr die Sicherheit der Anlagen verwendet und den zust\u00e4ndigen Beh\u00f6rden nur im Falle eines m\u00f6glichen Versto\u00dfes mitgeteilt werden. Im Falle des Personals wird sie auch f\u00fcr die Arbeitskontrolle und das Logistikmanagement eingesetzt.<\/li>\n<\/ul>\n<ul>\n<li>Die Daten der sich hier aufhaltenden Kunden werden auch behandelt, um Ihnen Informationen und Werbung bez\u00fcglich der Dienstleistungen der Gruppe im Zusammenhang mit Unterkunft, Freizeit, Restaurants und Immobilien \u00fcber alle Medien (Post, SMS, Telefon, Brief, etc.) zu schicken, es sei denn, dass Sie widersprechen. Sie k\u00f6nnen Widerspruch einlegen, indem Sie eine E-Mail an\u00a0<a href=\"mailto:infogrupo@fuerte-group.com\">infogrupo@fuerte-group.com<\/a>.<\/li>\n<\/ul>\n<p>ZWECKE AUF DER GRUNDLAGE DER EINWILLIGUNG:<\/p>\n<ul>\n<li>Die pers\u00f6nlichen Daten der Kunden werden im Club de Amigos zum Zwecke der Kundentreue, zur Analyse und \u00dcberwachung ihrer Aufenthalte und zur Personalisierung der Dienstleistungen nach ihren Pr\u00e4ferenzen verarbeitet, sowie zur Zusendung von Informationen und Werbung bez\u00fcglich der Dienstleistungen der Gruppe im Zusammenhang mit Unterkunft, Freizeit, Verpflegung und Immobilien \u00fcber alle Medien (Post, SMS, Telefon, Brief, etc.).<\/li>\n<\/ul>\n<ul>\n<li>Die pers\u00f6nlichen Daten von Kunden, Teilnehmern an Wettbewerben oder Abonnenten des Newsletters werden verarbeitet, um ihnen \u00fcber alle Medien (Post, SMS, Telefon, Brief usw.) Informationen und Werbung \u00fcber die Dienstleistungen der Unternehmensgruppe in Bezug auf Unterkunft, Freizeit, Verpflegung und Immobilien zu senden.<\/li>\n<\/ul>\n<ul>\n<li>Personenbezogene Daten werden auch in sozialen Netzwerken verarbeitet, um die Unterkunfts- und Freizeitangebote der Gruppe zu f\u00f6rdern.<\/li>\n<\/ul>\n<ul>\n<li>Personenbezogene Daten im Zusammenhang mit dem kostenlosen WLAN-System des Hotels k\u00f6nnen nur im Falle einer m\u00f6glichen Zuwiderhandlung verwendet oder von der zust\u00e4ndigen Beh\u00f6rde angefordert werden.<\/li>\n<\/ul>\n<p>F\u00fcr alle angegebenen Zwecke sind alle angeforderten Daten obligatorisch. F\u00fcr den Fall, dass sie nicht zur Verf\u00fcgung gestellt werden, garantiert die FUERTE GROUP nicht, dass die erbrachten Dienstleistungen vollst\u00e4ndig Ihren Bed\u00fcrfnissen entsprechen.<\/p>\n<p>Der Benutzer der WEB FUERTE GROUP ist f\u00fcr die Wahrhaftigkeit und Richtigkeit der zur Verf\u00fcgung gestellten Daten allein verantwortlich und handelt in gutem Glauben als reiner Dienstleister. Die FUERTE GRUPPE beh\u00e4lt sich das Recht vor, im Falle falscher oder fremder Daten, diese ohne Ihre Zustimmung unverz\u00fcglich zu vernichten, um die Rechte des Eigent\u00fcmers oder der Eigent\u00fcmer zu sch\u00fctzen.<\/p>\n<p><u>AUFBEWAHRUNGSZEITEN:<\/u><\/p>\n<p>Personenbezogene Daten werden f\u00fcr den gesetzlichen Zeitraum (derzeit f\u00fcnf Jahre) ab dem Zeitpunkt Ihrer letzten Unterbringung oder der Aus\u00fcbung Ihres Widerspruchs gegen den Empfang kommerzieller Mitteilungen oder erkl\u00e4rter berechtigter Interessen gespeichert. Die Video\u00fcberwachungsdaten werden nur 30 Tage aufbewahrt. Die WLAN-Navigationsdaten werden ein Jahr lang beibehalten. Eine Weitergabe an Dritte erfolgt nur aufgrund gesetzlicher Vorgaben oder Genehmigung des Interessenten.<\/p>\n<p><u>EMPF\u00c4NGERGRUPPE:<\/u><\/p>\n<p>Personenbezogene Daten werden nur an Dritte weitergegeben, um gesetzlichen Verpflichtungen nachzukommen, z.B. an Sicherheitskr\u00e4fte und Polizeibeh\u00f6rden, oder an die zust\u00e4ndigen Beh\u00f6rden oder Gerichte im Falle von Verst\u00f6\u00dfen, Forderungen oder Beschwerden. Sie werden auch auf der Ebene der Unternehmensgruppe kommuniziert, um die vertraglich vereinbarten Leistungen oder einen der angegebenen Zwecke zu erf\u00fcllen.<\/p>\n<p><u>SICHERHEITSMASSNAHMEN:<\/u><\/p>\n<p>Die FUERTE GRUPPE verpflichtet sich zur Einhaltung der Geheimhaltungs- und Aufbewahrungspflicht der personenbezogenen Daten und ergreift alle technischen und organisatorischen Ma\u00dfnahmen, um die Sicherheit dieser zu gew\u00e4hrleisten und deren Ver\u00e4nderung, Verlust, unberechtigten Zugriff oder Verarbeitung nach dem Stand der Technik, der Art der gespeicherten Daten und den Risiken, denen sie ausgesetzt sind, zu verhindern.<\/p>\n<p>Die Webseite der FUERTE GROUP verwendet Cookies, die einer bestimmten Klausel unterliegen.<\/p>\n<p>Die Website verf\u00fcgt \u00fcber Informationssicherheitsma\u00dfnahmen, die in der Regel verwendet werden, z.B. Firewalls, Zugangskontrollverfahren und kryptografische Mechanismen, um unbefugten Zugriff auf die bereitgestellten Daten zu verhindern.<\/p>\n<p><u>RECHTE:<\/u><\/p>\n<p>Jede Person hat das Recht, Zugang auf die sie betreffenden personenbezogenen Daten zu verlangen, ihre Berichtigung oder L\u00f6schung zu verlangen, die Beschr\u00e4nkung ihrer Verarbeitung zu beantragen, sich ihrer Verarbeitung zu widersetzen (kommerzielle Mitteilungen, die auf berechtigten Interessen beruhen, oder die Abmeldung im Club de Amigos) und\/oder das Recht auf Portabilit\u00e4t. In jedem Fall k\u00f6nnen Sie Ihre Rechte aus\u00fcben, indem Sie eine E-Mail an\u00a0<a href=\"mailto:infogrupo@fuerte-group.com\">infogrupo@fuerte-group.com<\/a>\u00a0senden oder unter der Telefonnummer +34 952 920 028. Dazu muss ein Ausweisdokument beigef\u00fcgt werden. Jeder kann \u00fcber die Webseite\u00a0<a href=\"http:\/\/www.agpd.es\/\"><strong>www.agpd.es<\/strong><\/a>\u00a0eine Beschwerde bei der spanischen Datenschutzbeh\u00f6rde einreichen, wenn er der Ansicht ist, dass seine Rechte nicht erf\u00fcllt wurden.<\/p>\n<h2>VERWENDUNG VON COOKIES UND MITTELN ZUR BEWERTUNG UND KONTROLLE<\/h2>\n<p><strong>FUERTE GROUP<\/strong>\u00a0sammelt \u00fcber Mechanismen wie Cookies oder Log-Dateien Information der\u00a0<strong>KUNDEN\/NUTZER\u00a0<\/strong>\u00fcber das Navigieren im Internet. Diese Mechanismen werden einem einzigen\u00a0<strong>KUNDEN\/NUTZER<\/strong>\u00a0und seinem eigenen PC zugeteilt. Die\u00a0<strong>FUERTE GROUP<\/strong>\u00a0nutzt diese Daten nur, um die Serviceleistungen zu verbessern und teilt sie zu diesem Zweck mit anderen Unternehmen, die die Grupo el Fuerte bilden.<\/p>\n<p><strong>FUERTE GROUP<\/strong>\u00a0verwendet Cookies mit Ihrer Zustimmung. Wenn Sie die Verwendung von Cookies durch uns nicht w\u00fcnschen, k\u00f6nnen Sie dies in Ihrem Internetprogramm deaktivieren.<\/p>\n<p>Die\u00a0<strong>FUERTE GROUP<\/strong>\u00a0kann Werbelinks zu Seiten Dritter verwenden, wobei von uns keine Verantwortung zum Inhalt und Gesetzm\u00e4\u00dfigkeit dieser Seite eines Dritten \u00fcbernommen wird.<\/p>\n<p>Alle Webseiten der\u00a0<strong>FUERTE GROUP<\/strong>\u00a0verf\u00fcgen \u00fcber Sicherheitsma\u00dfnahmen der Information, die z. B f\u00fcr folgendes angewandt wird: Firewalls, Zugangskontrollen und kryptografische Mechanismen, um den unberechtigten Zugang zu den \u00fcbermittelten Daten zu verhindern.<\/p>\n<h2>AUS\u00dcBUNG DER ZASW RECHTE: ZUGANG, \u00c4NDERUNG, STORNIERUNG UND WIDERRUF<\/h2>\n<p>Der\u00a0<strong>KUNDE<\/strong>\u00a0der Internetseite www.fuertehoteles.com kann jederzeit seine Rechte auf Zugang, \u00c4nderung, Stornierung und Widerruf aus\u00fcben. Dazu kommen die Bestimmungen des Organischen Gesetz 15\/1999 zur Anwendung. Bitte wenden Sie sich an die FUERTE GROUP S.L. unter folgender Adresse: CALLE EL FUERTE S\/N, 29601-MARBELLA (MALAGA) oder per E-Mail an\u00a0<a href=\"mailto:infogrupo@fuerte-group.com\">infogrupo@fuerte-group.com<\/a>.<\/p>\n<h2>\u00c4NDERUNG DER NUTZUNGSBESTIMMUNGEN<\/h2>\n<p>Die\u00a0<strong>FUERTE GROUP<\/strong>\u00a0beh\u00e4lt sich das Recht vor, die Nutzungsbestimmungen seiner Internetseiten im Interesse des Nutzers zu \u00e4ndern, um einen besseren Service anbieten zu k\u00f6nnen, sofern dies im gesetzlichen Rahmen m\u00f6glich ist.<\/p>\n<h2>GESCH\u00dcTZTES EIGENTUM UND URHEBERRECHT<\/h2>\n<p>Alle Inhalte und Grafiken, einschlie\u00dflich der HTML, JAVA; JAVA Script oder Active X Codes, die die Internetseiten der FUERTE GROUP beinhalten, unterliegen dem Urheberrecht. Die Nutzer haben in einem angemessenen Masse, um innerhalb unserer Unternehmen korrekte Serviceleistungen zu gew\u00e4hren, ein exklusives Nutzungsrecht.\u00a0 Die Verteilung, Weitergabe, \u00c4nderung oder irgendeine andere Handlung sind nicht erlaubt und erfordern eine schriftliche Vorabgenehmigung der\u00a0<strong>FUERTE GROUP<\/strong>.<\/p>\n<h2>ANWENDBARES GESETZ UND ZUST\u00c4NDIGE GERICHTSBARKEIT<\/h2>\n<p>Die Bestimmungen zur Nutzung und zum Datenschutz der Internetseite unterliegen der spanischen Gesetzgebung. Bei jeder Auseinandersetzung \u00fcber ihre G\u00fcltigkeit, Ausf\u00fchrung, Erf\u00fcllung oder Aufl\u00f6sung, verpflichten sich die\u00a0<strong>FUERTE GROUP<\/strong>\u00a0und die\u00a0<strong>KUNDEN\/NUTZER\/KANDIDATEN<\/strong>, sich der Kompetenz der Gerichte von M\u00e1laga zu unterziehen, wobei auf irgendwelche eigenen Sonderrechte verzichtet wird. Dieser Vertrag bringt das Abkommen zwischen der\u00a0<strong>FUERTE GROUP<\/strong>\u00a0und dem\u00a0<strong>KUNDEN\/NUTZER\/KANDIDATEN<\/strong>\u00a0komplett zum Ausdruck und ersetzt alle vorigen Abkommen, Kompromisse, Erkl\u00e4rungen oder Vereinbarungen, seien sie schriftlicher oder m\u00fcndlicher Form, die fr\u00fcher zwischen beiden Parteien existiert haben k\u00f6nnten.<\/p>\n","protected":false},"excerpt":{"rendered":"<p>INFORMATION IN \u00dcBEREINSTIMMUNG MIT DEM GESETZ 34\/2002 VOM 11. JULI In \u00dcbereinstimmung mit den Bestimmungen des Artikels 10 des Gesetzes 34\/2002 vom 11. Juli \u00fcber die Dienste der Informationsgesellschaft und den elektronischen Gesch\u00e4ftsverkehr teilen wir Ihnen mit, dass der Eigent\u00fcmer dieser Webseite FUERTE GROUP S.L. mit der Steuernummer B-92120237 ist und unter folgender Adresse erreichbar [&hellip;]<\/p>\n","protected":false},"author":11,"featured_media":0,"parent":0,"menu_order":0,"comment_status":"open","ping_status":"closed","template":"","meta":[],"acf":[],"yoast_head":"<!-- This site is optimized with the Yoast SEO plugin v21.1 - https:\/\/yoast.com\/wordpress\/plugins\/seo\/ -->\n<title>Gesetzlicher Hinweis und Datenschutzrichtlinie - Blog Fuerte Hoteles<\/title>\n<meta name=\"description\" content=\"INFORMATION IN \u00dcBEREINSTIMMUNG MIT DEM GESETZ 34\/2002 VOM 11. JULI In \u00dcbereinstimmung mit den Bestimmungen des Artikels 10 des Gesetzes 34\/2002 vom 11.\" \/>\n<meta name=\"robots\" content=\"index, follow, max-snippet:-1, max-image-preview:large, max-video-preview:-1\" \/>\n<link rel=\"canonical\" href=\"https:\/\/blog.fuertehoteles.com\/de\/condiciones-legales\/\" \/>\n<meta property=\"og:locale\" content=\"de_DE\" \/>\n<meta property=\"og:type\" content=\"article\" \/>\n<meta property=\"og:title\" content=\"Gesetzlicher Hinweis und Datenschutzrichtlinie - Blog Fuerte Hoteles\" \/>\n<meta property=\"og:description\" content=\"INFORMATION IN \u00dcBEREINSTIMMUNG MIT DEM GESETZ 34\/2002 VOM 11. JULI In \u00dcbereinstimmung mit den Bestimmungen des Artikels 10 des Gesetzes 34\/2002 vom 11.\" \/>\n<meta property=\"og:url\" content=\"https:\/\/blog.fuertehoteles.com\/de\/condiciones-legales\/\" \/>\n<meta property=\"og:site_name\" content=\"Blog Fuerte Hoteles\" \/>\n<meta property=\"article:publisher\" content=\"https:\/\/www.facebook.com\/HotelesFuerte\" \/>\n<meta property=\"article:modified_time\" content=\"2018-06-14T09:02:34+00:00\" \/>\n<meta name=\"twitter:card\" content=\"summary_large_image\" \/>\n<meta name=\"twitter:site\" content=\"@fuertehoteles\" \/>\n<meta name=\"twitter:label1\" content=\"Gesch\u00e4tzte Lesezeit\" \/>\n\t<meta name=\"twitter:data1\" content=\"7 minutes\" \/>\n<script type=\"application\/ld+json\" class=\"yoast-schema-graph\">{\"@context\":\"https:\/\/schema.org\",\"@graph\":[{\"@type\":\"WebPage\",\"@id\":\"https:\/\/blog.fuertehoteles.com\/de\/condiciones-legales\/\",\"url\":\"https:\/\/blog.fuertehoteles.com\/de\/condiciones-legales\/\",\"name\":\"Gesetzlicher Hinweis und Datenschutzrichtlinie - Blog Fuerte Hoteles\",\"isPartOf\":{\"@id\":\"https:\/\/blog.fuertehoteles.com\/de\/#website\"},\"datePublished\":\"2015-05-29T13:19:35+00:00\",\"dateModified\":\"2018-06-14T09:02:34+00:00\",\"description\":\"INFORMATION IN \u00dcBEREINSTIMMUNG MIT DEM GESETZ 34\/2002 VOM 11. JULI In \u00dcbereinstimmung mit den Bestimmungen des Artikels 10 des Gesetzes 34\/2002 vom 11.\",\"breadcrumb\":{\"@id\":\"https:\/\/blog.fuertehoteles.com\/de\/condiciones-legales\/#breadcrumb\"},\"inLanguage\":\"de-DE\",\"potentialAction\":[{\"@type\":\"ReadAction\",\"target\":[\"https:\/\/blog.fuertehoteles.com\/de\/condiciones-legales\/\"]}]},{\"@type\":\"BreadcrumbList\",\"@id\":\"https:\/\/blog.fuertehoteles.com\/de\/condiciones-legales\/#breadcrumb\",\"itemListElement\":[{\"@type\":\"ListItem\",\"position\":1,\"name\":\"Home\",\"item\":\"https:\/\/blog.fuertehoteles.com\/de\/\"},{\"@type\":\"ListItem\",\"position\":2,\"name\":\"Gesetzlicher Hinweis und Datenschutzrichtlinie\"}]},{\"@type\":\"WebSite\",\"@id\":\"https:\/\/blog.fuertehoteles.com\/de\/#website\",\"url\":\"https:\/\/blog.fuertehoteles.com\/de\/\",\"name\":\"Blog Fuerte Hoteles\",\"description\":\"Andalucia Travel Blog, Hotel blog\",\"publisher\":{\"@id\":\"https:\/\/blog.fuertehoteles.com\/de\/#organization\"},\"potentialAction\":[{\"@type\":\"SearchAction\",\"target\":{\"@type\":\"EntryPoint\",\"urlTemplate\":\"https:\/\/blog.fuertehoteles.com\/de\/?s={search_term_string}\"},\"query-input\":\"required name=search_term_string\"}],\"inLanguage\":\"de-DE\"},{\"@type\":\"Organization\",\"@id\":\"https:\/\/blog.fuertehoteles.com\/de\/#organization\",\"name\":\"Fuerte Group Hotels\",\"url\":\"https:\/\/blog.fuertehoteles.com\/de\/\",\"logo\":{\"@type\":\"ImageObject\",\"inLanguage\":\"de-DE\",\"@id\":\"https:\/\/blog.fuertehoteles.com\/de\/#\/schema\/logo\/image\/\",\"url\":\"https:\/\/blog.fuertehoteles.com\/wp-content\/uploads\/2019\/02\/Logo_fuertegroup_ver_Gris-03.jpg\",\"contentUrl\":\"https:\/\/blog.fuertehoteles.com\/wp-content\/uploads\/2019\/02\/Logo_fuertegroup_ver_Gris-03.jpg\",\"width\":900,\"height\":900,\"caption\":\"Fuerte Group Hotels\"},\"image\":{\"@id\":\"https:\/\/blog.fuertehoteles.com\/de\/#\/schema\/logo\/image\/\"},\"sameAs\":[\"https:\/\/www.facebook.com\/HotelesFuerte\",\"https:\/\/twitter.com\/fuertehoteles\",\"https:\/\/www.instagram.com\/fuertehoteles\/\",\"https:\/\/www.pinterest.es\/fuertehoteles\/\",\"https:\/\/www.youtube.com\/user\/fuertehoteles\"]}]}<\/script>\n<!-- \/ Yoast SEO plugin. -->","yoast_head_json":{"title":"Gesetzlicher Hinweis und Datenschutzrichtlinie - Blog Fuerte Hoteles","description":"INFORMATION IN \u00dcBEREINSTIMMUNG MIT DEM GESETZ 34\/2002 VOM 11. JULI In \u00dcbereinstimmung mit den Bestimmungen des Artikels 10 des Gesetzes 34\/2002 vom 11.","robots":{"index":"index","follow":"follow","max-snippet":"max-snippet:-1","max-image-preview":"max-image-preview:large","max-video-preview":"max-video-preview:-1"},"canonical":"https:\/\/blog.fuertehoteles.com\/de\/condiciones-legales\/","og_locale":"de_DE","og_type":"article","og_title":"Gesetzlicher Hinweis und Datenschutzrichtlinie - Blog Fuerte Hoteles","og_description":"INFORMATION IN \u00dcBEREINSTIMMUNG MIT DEM GESETZ 34\/2002 VOM 11. JULI In \u00dcbereinstimmung mit den Bestimmungen des Artikels 10 des Gesetzes 34\/2002 vom 11.","og_url":"https:\/\/blog.fuertehoteles.com\/de\/condiciones-legales\/","og_site_name":"Blog Fuerte Hoteles","article_publisher":"https:\/\/www.facebook.com\/HotelesFuerte","article_modified_time":"2018-06-14T09:02:34+00:00","twitter_card":"summary_large_image","twitter_site":"@fuertehoteles","twitter_misc":{"Gesch\u00e4tzte Lesezeit":"7 minutes"},"schema":{"@context":"https:\/\/schema.org","@graph":[{"@type":"WebPage","@id":"https:\/\/blog.fuertehoteles.com\/de\/condiciones-legales\/","url":"https:\/\/blog.fuertehoteles.com\/de\/condiciones-legales\/","name":"Gesetzlicher Hinweis und Datenschutzrichtlinie - Blog Fuerte Hoteles","isPartOf":{"@id":"https:\/\/blog.fuertehoteles.com\/de\/#website"},"datePublished":"2015-05-29T13:19:35+00:00","dateModified":"2018-06-14T09:02:34+00:00","description":"INFORMATION IN \u00dcBEREINSTIMMUNG MIT DEM GESETZ 34\/2002 VOM 11. JULI In \u00dcbereinstimmung mit den Bestimmungen des Artikels 10 des Gesetzes 34\/2002 vom 11.","breadcrumb":{"@id":"https:\/\/blog.fuertehoteles.com\/de\/condiciones-legales\/#breadcrumb"},"inLanguage":"de-DE","potentialAction":[{"@type":"ReadAction","target":["https:\/\/blog.fuertehoteles.com\/de\/condiciones-legales\/"]}]},{"@type":"BreadcrumbList","@id":"https:\/\/blog.fuertehoteles.com\/de\/condiciones-legales\/#breadcrumb","itemListElement":[{"@type":"ListItem","position":1,"name":"Home","item":"https:\/\/blog.fuertehoteles.com\/de\/"},{"@type":"ListItem","position":2,"name":"Gesetzlicher Hinweis und Datenschutzrichtlinie"}]},{"@type":"WebSite","@id":"https:\/\/blog.fuertehoteles.com\/de\/#website","url":"https:\/\/blog.fuertehoteles.com\/de\/","name":"Blog Fuerte Hoteles","description":"Andalucia Travel Blog, Hotel blog","publisher":{"@id":"https:\/\/blog.fuertehoteles.com\/de\/#organization"},"potentialAction":[{"@type":"SearchAction","target":{"@type":"EntryPoint","urlTemplate":"https:\/\/blog.fuertehoteles.com\/de\/?s={search_term_string}"},"query-input":"required name=search_term_string"}],"inLanguage":"de-DE"},{"@type":"Organization","@id":"https:\/\/blog.fuertehoteles.com\/de\/#organization","name":"Fuerte Group Hotels","url":"https:\/\/blog.fuertehoteles.com\/de\/","logo":{"@type":"ImageObject","inLanguage":"de-DE","@id":"https:\/\/blog.fuertehoteles.com\/de\/#\/schema\/logo\/image\/","url":"https:\/\/blog.fuertehoteles.com\/wp-content\/uploads\/2019\/02\/Logo_fuertegroup_ver_Gris-03.jpg","contentUrl":"https:\/\/blog.fuertehoteles.com\/wp-content\/uploads\/2019\/02\/Logo_fuertegroup_ver_Gris-03.jpg","width":900,"height":900,"caption":"Fuerte Group Hotels"},"image":{"@id":"https:\/\/blog.fuertehoteles.com\/de\/#\/schema\/logo\/image\/"},"sameAs":["https:\/\/www.facebook.com\/HotelesFuerte","https:\/\/twitter.com\/fuertehoteles","https:\/\/www.instagram.com\/fuertehoteles\/","https:\/\/www.pinterest.es\/fuertehoteles\/","https:\/\/www.youtube.com\/user\/fuertehoteles"]}]}},"_links":{"self":[{"href":"https:\/\/blog.fuertehoteles.com\/de\/wp-json\/wp\/v2\/pages\/24201"}],"collection":[{"href":"https:\/\/blog.fuertehoteles.com\/de\/wp-json\/wp\/v2\/pages"}],"about":[{"href":"https:\/\/blog.fuertehoteles.com\/de\/wp-json\/wp\/v2\/types\/page"}],"author":[{"embeddable":true,"href":"https:\/\/blog.fuertehoteles.com\/de\/wp-json\/wp\/v2\/users\/11"}],"replies":[{"embeddable":true,"href":"https:\/\/blog.fuertehoteles.com\/de\/wp-json\/wp\/v2\/comments?post=24201"}],"version-history":[{"count":6,"href":"https:\/\/blog.fuertehoteles.com\/de\/wp-json\/wp\/v2\/pages\/24201\/revisions"}],"predecessor-version":[{"id":40775,"href":"https:\/\/blog.fuertehoteles.com\/de\/wp-json\/wp\/v2\/pages\/24201\/revisions\/40775"}],"wp:attachment":[{"href":"https:\/\/blog.fuertehoteles.com\/de\/wp-json\/wp\/v2\/media?parent=24201"}],"curies":[{"name":"wp","href":"https:\/\/api.w.org\/{rel}","templated":true}]}}