{"id":24202,"date":"2015-05-29T15:19:35","date_gmt":"2015-05-29T15:19:35","guid":{"rendered":"https:\/\/blog.fuertehoteles.com\/en\/?page_id=24202"},"modified":"2018-06-14T08:58:56","modified_gmt":"2018-06-14T08:58:56","slug":"condiciones-legales","status":"publish","type":"page","link":"https:\/\/blog.fuertehoteles.com\/fr\/condiciones-legales\/","title":{"rendered":"Avertissement l\u00e9gal et Politique de confidentialit\u00e9"},"content":{"rendered":"<h2><strong>INFORMATION CONFORM\u00c9MENT \u00c0 LA LOI 34\/2002, DU 11 JUILLET<\/strong><\/h2>\n<p>Conform\u00e9ment aux dispositions de l\u2019article\u00a010 de la Loi 34\/2002, du 11 juillet, sur les Services de la Soci\u00e9t\u00e9 de l\u2019information et du Commerce \u00e9lectronique, nous vous informons que le propri\u00e9taire de ce site Internet est FUERTE GROUP S.L. dont le CIF est le B-92120237, et que l\u2019on peut le contacter \u00e0 l\u2019adresse suivante\u00a0:<\/p>\n<p>CALLE EL FUERTE S\/N<br \/>\n29601-MARBELLA (MALAGA)<br \/>\nN\u00ba de T\u00e9l\u00e9phone : 952 920 028<br \/>\nFax : 952 824 411<br \/>\nCourriel\u00a0:<a href=\"mailto:infogrupo@fuerte-group.com\">infogrupo@fuerte-group.com<\/a><br \/>\nD\u00e9l\u00e9gu\u00e9 \u00e0 la protection des donn\u00e9es, pour toute question ou demande\u00a0:\u00a0<a href=\"mailto:dpo@fuerte-group.com\">dpo@fuerte-group.com<\/a><\/p>\n<p>Registro Mercantil de M\u00e1laga al Tomo 2500, Libro 1413, folio 132, Secci\u00f3n 8, Hoja MA-40981<\/p>\n<h2>POLITIQUE DE CONFIDENTIALIT\u00c9<\/h2>\n<p>Conform\u00e9ment aux dispositions du R\u00e8glement g\u00e9n\u00e9ral de la Protection des Donn\u00e9es\u00a02016\/679, nous vous informons de ce qui suit\u00a0:<\/p>\n<p><u>FINALIT\u00c9S REPOSANT SUR LA RELATION CONTRACTUELLE<\/u>\u00a0:<\/p>\n<ul>\n<li>Les donn\u00e9es personnelles des clients seront collect\u00e9es et trait\u00e9es, dans l\u2019h\u00f4tel o\u00f9 ceux-ci sont h\u00e9berg\u00e9s et par la centrale de r\u00e9servations de Fuerte Group, avec la finalit\u00e9 de fournir le service contractuel personnalis\u00e9 d\u2019h\u00e9bergement, ainsi que toute commande ou demande que vous nous ferez (golf, \u00e9v\u00e9nements, Spa, navette, etc.). Les donn\u00e9es personnelles seront trait\u00e9es pour effectuer la facturation et, le cas \u00e9ch\u00e9ant, les d\u00e9marches de recouvrement appropri\u00e9es. Et aussi pour la r\u00e9alisation d\u2019enqu\u00eates qualit\u00e9.<\/li>\n<\/ul>\n<p><u>FINALIT\u00c9S REPOSANT SUR LES OBLIGATIONS L\u00c9GALES<\/u>\u00a0:<\/p>\n<ul>\n<li>Les donn\u00e9es personnelles des clients seront trait\u00e9es pour respecter les diff\u00e9rentes obligations l\u00e9gales, et elles seront communiqu\u00e9es aux Forces et Corps de S\u00e9curit\u00e9 de l\u2019\u00c9tat.<\/li>\n<\/ul>\n<p><u>FINALIT\u00c9S REPOSANT SUR UN INT\u00c9R\u00caT L\u00c9GITIME<\/u>\u00a0:<\/p>\n<ul>\n<li>Les donn\u00e9es personnelles des clients, visiteurs, du personnel et des fournisseurs li\u00e9es au syst\u00e8me de vid\u00e9osurveillance de l\u2019h\u00f4tel ne peuvent \u00eatre utilis\u00e9es que pour la s\u00e9curit\u00e9 des installations et ne peuvent \u00eatre communiqu\u00e9es aux autorit\u00e9s publiques comp\u00e9tentes que si une \u00e9ventuelle infraction est d\u00e9tect\u00e9e. Dans le cas du personnel, elles seront utilis\u00e9es \u00e9galement pour le contr\u00f4le du travail et la gestion logistique.<\/li>\n<\/ul>\n<ul>\n<li>Les donn\u00e9es de clients h\u00e9berg\u00e9s seront \u00e9galement trait\u00e9es pour vous transmettre des informations et des publicit\u00e9s, par n\u2019importe quel moyen (e-mail, SMS, t\u00e9l\u00e9phone, lettre, etc.) sur les services du groupe li\u00e9s \u00e0 l\u2019h\u00e9bergement, aux loisirs, \u00e0 la restauration et \u00e0 l\u2019immobilier, sauf si vous vous y opposez. Vous pouvez vous y opposer en envoyant un courriel adress\u00e9 \u00e0\u00a0<a href=\"mailto:infogrupo@fuerte-group.com\">infogrupo@fuerte-group.com<\/a>.<\/li>\n<\/ul>\n<p><u>FINALIT\u00c9S REPOSANT SUR LE CONSENTEMENT\u00a0:<\/u><\/p>\n<ul>\n<li>Les donn\u00e9es personnelles des clients seront trait\u00e9es dans le Club de Amigos \u00e0 des fins de fid\u00e9lisation, pour analyser et surveiller vos s\u00e9jours, pour personnaliser les services selon vos pr\u00e9f\u00e9rences et pour vous transmettre des informations et des publicit\u00e9s, par n\u2019importe quel moyen (e-mail, SMS, t\u00e9l\u00e9phone, lettre, etc.) sur les services du groupe li\u00e9s \u00e0 l\u2019h\u00e9bergement, aux loisirs, \u00e0 la restauration et \u00e0 l\u2019immobilier.<\/li>\n<\/ul>\n<ul>\n<li>Les donn\u00e9es personnelles des clients, des participants aux concours ou des abonn\u00e9s \u00e0 la newsletter seront trait\u00e9es pour vous envoyer des informations et de la publicit\u00e9, par n\u2019importe quel moyen (e-mail, SMS, t\u00e9l\u00e9phone, lettre, etc.) sur les services du groupe li\u00e9s \u00e0 l\u2019h\u00e9bergement, aux loisirs, \u00e0 la restauration et \u00e0 l\u2019immobilier.<\/li>\n<\/ul>\n<ul>\n<li>Les donn\u00e9es \u00e0 caract\u00e8re personnel seront \u00e9galement trait\u00e9es sur les r\u00e9seaux sociaux afin de promouvoir les services d\u2019h\u00e9bergement et de loisirs du groupe.<\/li>\n<\/ul>\n<ul>\n<li>Les donn\u00e9es personnelles relatives au syst\u00e8me Wi-Fi gratuit de l\u2019h\u00f4tel ne pourront \u00eatre utilis\u00e9es que si l\u2019on d\u00e9tecte une \u00e9ventuelle infraction ou si elles sont requises par l\u2019autorit\u00e9 publique comp\u00e9tente.<\/li>\n<\/ul>\n<p>Concernant toutes les finalit\u00e9s indiqu\u00e9es, toutes les donn\u00e9es sollicit\u00e9es ont un caract\u00e8re obligatoire, si elles ne sont pas fournies, FUERTE GROUP ne garantira pas le fait que les services fournis r\u00e9pondent enti\u00e8rement \u00e0 vos besoins.<\/p>\n<p>L\u2019utilisateur du SITE INTERNET DE FUERTE GROUP sera l\u2019unique responsable de la v\u00e9racit\u00e9 et de l\u2019exactitude des donn\u00e9es apport\u00e9es, FUERTE GROUP SL\u00a0agissant en toute bonne foi comme simple prestataire du service. Si jamais les donn\u00e9es que vous nous avez fournies \u00e9taient fausses ou si c\u2019\u00e9taient celles de tierces personnes n\u2019ayant pas donn\u00e9 leur consentement, FUERTE GROUP SL se r\u00e9serve le droit de d\u00e9truire imm\u00e9diatement ces m\u00eames donn\u00e9es afin de prot\u00e9ger les droits du ou des titulaires de celles-ci.<\/p>\n<p><u>D\u00c9LAIS DE CONSERVATION\u00a0:<\/u><\/p>\n<p>Les donn\u00e9es \u00e0 caract\u00e8re personnel seront conserv\u00e9es pendant la dur\u00e9e l\u00e9gale (qui est actuellement de cinq ans) depuis la derni\u00e8re date de votre h\u00e9bergement ou depuis l\u2019instant o\u00f9 vous avez manifest\u00e9 votre opposition \u00e0 recevoir des communications commerciales ou aux int\u00e9r\u00eats l\u00e9gitimes d\u00e9clar\u00e9s. Les donn\u00e9es de vid\u00e9osurveillance ne seront conserv\u00e9es que pendant trente jours. Les donn\u00e9es de navigation Wi-FI seront conserv\u00e9es pendant un an. Elles ne seront communiqu\u00e9es \u00e0 des tiers que pour respecter des obligations juridiques ou avec l\u2019autorisation de l\u2019int\u00e9ress\u00e9.<\/p>\n<p><u>DESTINATAIRES<\/u>\u00a0:<\/p>\n<p>Les donn\u00e9es personnelles ne seront communiqu\u00e9es \u00e0 des tiers que pour respecter des obligations juridiques, par exemple, aux Forces et Corps de S\u00e9curit\u00e9 de l\u2019\u00c9tat ou aux Autorit\u00e9s publiques ou judiciaires comp\u00e9tentes en cas d\u2019infraction, de r\u00e9clamation ou de plainte. Elles seront de m\u00eame communiqu\u00e9es au niveau du groupe pour garantir les services souscrits ou l\u2019une des finalit\u00e9s vis\u00e9es.<\/p>\n<p><u>MESURES DE S\u00c9CURIT\u00c9<\/u>\u00a0:<\/p>\n<p>FUERTE GROUP s\u2019engage \u00e0 respecter le secret des donn\u00e9es \u00e0 caract\u00e8re personnel et, afin de les conserver, il adoptera toutes les mesures de nature technique et organisationnelle afin de garantir la s\u00e9curit\u00e9 des donn\u00e9es \u00e0 caract\u00e8re personnel et pour \u00e9viter toute alt\u00e9ration, perte, tout traitement ou acc\u00e8s non autoris\u00e9 les concernant tout en tenant compte de l\u2019avanc\u00e9e des technologies, de la nature des donn\u00e9es stock\u00e9es et des risques auxquels celles-ci sont expos\u00e9es<\/p>\n<p>Le site Internet de FUERTE GROUP utilise des cookies qui sont soumis \u00e0 une clause sp\u00e9cifique.<\/p>\n<p>Le site Internet dispose de mesures de s\u00e9curit\u00e9 prot\u00e9geant les donn\u00e9es que l\u2019on utilise d\u2019ordinaire et qui sont, par exemple, des firewalls, des proc\u00e9d\u00e9s de contr\u00f4le d\u2019acc\u00e8s et des m\u00e9canismes cryptographiques, pour \u00e9viter tout acc\u00e8s non autoris\u00e9 aux donn\u00e9es fournies.<\/p>\n<p><u>DROITS<\/u>\u00a0:<\/p>\n<p>Toute personne a le droit de demander l\u2019acc\u00e8s aux donn\u00e9es \u00e0 caract\u00e8re personnel qui la concernent, de demander leur rectification ou leur suppression, de demander la limitation de leur traitement, de s\u2019opposer \u00e0 leur traitement (communications commerciales fond\u00e9es sur un int\u00e9r\u00eat l\u00e9gitime ou d\u00e9sinscription du Club de Amigos) et\/ou le droit de portabilit\u00e9. Dans tous les cas, vous pourrez exercer vos droits en envoyant un courrier \u00e9lectronique adress\u00e9 \u00e0\u00a0<a href=\"mailto:infogrupo@fuerte-group.com\">infogrupo@fuerte-group.com<\/a>, accompagn\u00e9 d\u2019un document d\u2019identit\u00e9, ou par t\u00e9l\u00e9phone\u00a0+34\u00a0952\u00a0920\u00a0028. Toute personne peut d\u00e9poser une r\u00e9clamation aupr\u00e8s de l\u2019Agence espagnole de la protection des donn\u00e9es \u00e0 travers le site Internet\u00a0<a href=\"http:\/\/www.agpd.es\/\">www.agpd.es<\/a>\u00a0si elle consid\u00e8re que ses droits n\u2019ont pas \u00e9t\u00e9 respect\u00e9s.<\/p>\n<h2>USAGE DE COOKIES ET OUTILS D\u2019\u00c9VALUATION ET DE CONTR\u00d4LE<\/h2>\n<p><strong>FUERTE GROUP<\/strong>\u00a0utilise des dispositifs, tels que \u201ccookies\u201d ou fichiers log, pour recueillir\u00a0 les informations comprenant le type de navigateur des\u00a0<strong>CLIENTS\/UTILISATEURS<\/strong>\u00a0du site web. Ces dispositifs ne sont associ\u00e9s qu\u2019\u00e0 un seul compte\u00a0<strong>CLIENT\/UTILISATEUR\u00a0<\/strong>et son ordinateur personnel.\u00a0<strong>FUERTE GROUP<\/strong>\u00a0n\u2019utilisera ces donn\u00e9es que dans le but d\u2019am\u00e9liorer les services et les partagera, \u00e0 cet effet, avec les diff\u00e9rentes entreprises du Groupe.<\/p>\n<p><strong>FUERTE GROUP<\/strong>\u00a0utilise des cookies sous votre autorisation. Si vous ne voulez pas que nous utilisions des cookies, il vous suffira de les d\u00e9sactiver sur votre logiciel de gestion d\u2019Internet.<\/p>\n<p><strong>FUERTE GROUP<\/strong>\u00a0peut utiliser des liens de publicit\u00e9 de sites Web de tiers, mais nous exon\u00e8rent, de plein droit, de toute responsabilit\u00e9 sur leur contenu et leur l\u00e9galit\u00e9.<\/p>\n<p>Tous les sites Web de\u00a0<strong>FUERTE GROUP<\/strong>\u00a0disposent des mesures de s\u00e9curit\u00e9 de l\u2019information, les plus utilis\u00e9es, comme par exemple : firewalls, proc\u00e9dures de contr\u00f4le d\u2019acc\u00e8s et diff\u00e9rents m\u00e9canismes cryptographiques, afin d\u2019\u00e9viter l\u2019acc\u00e8s non autoris\u00e9 aux donn\u00e9es fournies.<\/p>\n<h2>MODIFICATION DES NORMES D\u2019USAGE<\/h2>\n<p><strong>FUERTE GROUP<\/strong>\u00a0 se r\u00e9serve le droit de modifier les Conditions G\u00e9n\u00e9rales de ses sites Web dans l\u2019int\u00e9r\u00eat de l\u2019utilisateur et dans le but de fournir le meilleur service possible conform\u00e9ment \u00e0 la Loi en vigueur.<\/p>\n<h2>PROPRI\u00c9T\u00c9 INTELLECTUELLE ET DROITS D\u2019AUTEUR<\/h2>\n<p>Tous les contenus et cr\u00e9ations graphiques fournis sur le site de\u00a0<strong>FUERTE GROUP<\/strong>, y compris les codes de langage HTML, JAVA, JAVA script ou Activez X, sont soumis \u00e0 la l\u00e9gislation des droits d\u2019auteur et de la propri\u00e9t\u00e9 intellectuelle, c\u2019est pourquoi, les utilisateurs disposent exclusivement d\u2019un droit d\u2019usage priv\u00e9, personnel et non transmissible conform\u00e9ment \u00e0 l\u2019usage correct des services offerts par nos entreprises dans un objectif corporatif. Sa distribution, transmission, modification ou tout autre acte, sans l\u2019autorisation pr\u00e9alable et par \u00e9crit de\u00a0<strong>FUERTE GROUP<\/strong>, ne seront pas permis.<\/p>\n<h2>LOI APPLICABLE ET JURIDICTION COMP\u00c9TENTE<\/h2>\n<p>Les conditions d\u2019utilisation et la politique de protection des donn\u00e9es du site, sons soumises \u00e0 la l\u00e9gislation Espagnole. Face \u00e0 tout litige au sujet de sa validit\u00e9, ex\u00e9cution, accomplissement ou r\u00e9solution,\u00a0<strong>FUERTE GROUP<\/strong>\u00a0et les\u00a0<strong>CLIENTS\/UTILISATEURS\/CANDIDATS<\/strong>, s\u2019engagent, en renon\u00e7ant explicitement \u00e0 leur droit local ou \u00e0 tout autre qui pourrait leur correspondre, \u00e0 accepter de se soumettre aux Tribunaux de Malaga. Le pr\u00e9sent contrat repr\u00e9sente le contenu complet de l\u2019accord entre\u00a0<strong>FUERTE GROUP<\/strong>\u00a0et le\u00a0<strong>CLIENT\/UTILISATEUR\/CANDIDAT<\/strong>, et remplace tous les pr\u00e9c\u00e9dents pactes, engagements, manifestations ou accords, tant \u00e9crits qu\u2019oraux, ayant exist\u00e9s auparavant entre les deux parties.<\/p>\n","protected":false},"excerpt":{"rendered":"<p>INFORMATION CONFORM\u00c9MENT \u00c0 LA LOI 34\/2002, DU 11 JUILLET Conform\u00e9ment aux dispositions de l\u2019article\u00a010 de la Loi 34\/2002, du 11 juillet, sur les Services de la Soci\u00e9t\u00e9 de l\u2019information et du Commerce \u00e9lectronique, nous vous informons que le propri\u00e9taire de ce site Internet est FUERTE GROUP S.L. dont le CIF est le B-92120237, et que [&hellip;]<\/p>\n","protected":false},"author":11,"featured_media":0,"parent":0,"menu_order":0,"comment_status":"open","ping_status":"closed","template":"","meta":[],"acf":[],"yoast_head":"<!-- This site is optimized with the Yoast SEO plugin v21.1 - https:\/\/yoast.com\/wordpress\/plugins\/seo\/ -->\n<title>Avertissement l\u00e9gal et Politique de confidentialit\u00e9 - Blog Fuerte Hoteles<\/title>\n<meta name=\"description\" content=\"INFORMATION CONFORM\u00c9MENT \u00c0 LA LOI 34\/2002, DU 11 JUILLET Conform\u00e9ment aux dispositions de l\u2019article\u00a010 de la Loi 34\/2002, du 11 juillet, sur les Services\" \/>\n<meta name=\"robots\" content=\"index, follow, max-snippet:-1, max-image-preview:large, max-video-preview:-1\" \/>\n<link rel=\"canonical\" href=\"https:\/\/blog.fuertehoteles.com\/fr\/condiciones-legales\/\" \/>\n<meta property=\"og:locale\" content=\"fr_FR\" \/>\n<meta property=\"og:type\" content=\"article\" \/>\n<meta property=\"og:title\" content=\"Avertissement l\u00e9gal et Politique de confidentialit\u00e9 - Blog Fuerte Hoteles\" \/>\n<meta property=\"og:description\" content=\"INFORMATION CONFORM\u00c9MENT \u00c0 LA LOI 34\/2002, DU 11 JUILLET Conform\u00e9ment aux dispositions de l\u2019article\u00a010 de la Loi 34\/2002, du 11 juillet, sur les Services\" \/>\n<meta property=\"og:url\" content=\"https:\/\/blog.fuertehoteles.com\/fr\/condiciones-legales\/\" \/>\n<meta property=\"og:site_name\" content=\"Blog Fuerte Hoteles\" \/>\n<meta property=\"article:publisher\" content=\"https:\/\/www.facebook.com\/HotelesFuerte\" \/>\n<meta property=\"article:modified_time\" content=\"2018-06-14T08:58:56+00:00\" \/>\n<meta name=\"twitter:card\" content=\"summary_large_image\" \/>\n<meta name=\"twitter:site\" content=\"@fuertehoteles\" \/>\n<meta name=\"twitter:label1\" content=\"Dur\u00e9e de lecture estim\u00e9e\" \/>\n\t<meta name=\"twitter:data1\" content=\"8 minutes\" \/>\n<script type=\"application\/ld+json\" class=\"yoast-schema-graph\">{\"@context\":\"https:\/\/schema.org\",\"@graph\":[{\"@type\":\"WebPage\",\"@id\":\"https:\/\/blog.fuertehoteles.com\/fr\/condiciones-legales\/\",\"url\":\"https:\/\/blog.fuertehoteles.com\/fr\/condiciones-legales\/\",\"name\":\"Avertissement l\u00e9gal et Politique de confidentialit\u00e9 - Blog Fuerte Hoteles\",\"isPartOf\":{\"@id\":\"https:\/\/blog.fuertehoteles.com\/fr\/#website\"},\"datePublished\":\"2015-05-29T15:19:35+00:00\",\"dateModified\":\"2018-06-14T08:58:56+00:00\",\"description\":\"INFORMATION CONFORM\u00c9MENT \u00c0 LA LOI 34\/2002, DU 11 JUILLET Conform\u00e9ment aux dispositions de l\u2019article\u00a010 de la Loi 34\/2002, du 11 juillet, sur les Services\",\"breadcrumb\":{\"@id\":\"https:\/\/blog.fuertehoteles.com\/fr\/condiciones-legales\/#breadcrumb\"},\"inLanguage\":\"fr-FR\",\"potentialAction\":[{\"@type\":\"ReadAction\",\"target\":[\"https:\/\/blog.fuertehoteles.com\/fr\/condiciones-legales\/\"]}]},{\"@type\":\"BreadcrumbList\",\"@id\":\"https:\/\/blog.fuertehoteles.com\/fr\/condiciones-legales\/#breadcrumb\",\"itemListElement\":[{\"@type\":\"ListItem\",\"position\":1,\"name\":\"Home\",\"item\":\"https:\/\/blog.fuertehoteles.com\/fr\/\"},{\"@type\":\"ListItem\",\"position\":2,\"name\":\"Avertissement l\u00e9gal et Politique de confidentialit\u00e9\"}]},{\"@type\":\"WebSite\",\"@id\":\"https:\/\/blog.fuertehoteles.com\/fr\/#website\",\"url\":\"https:\/\/blog.fuertehoteles.com\/fr\/\",\"name\":\"Blog Fuerte Hoteles\",\"description\":\"Blog de Voyage de Andalousie, H\u00f4tel blog\",\"publisher\":{\"@id\":\"https:\/\/blog.fuertehoteles.com\/fr\/#organization\"},\"potentialAction\":[{\"@type\":\"SearchAction\",\"target\":{\"@type\":\"EntryPoint\",\"urlTemplate\":\"https:\/\/blog.fuertehoteles.com\/fr\/?s={search_term_string}\"},\"query-input\":\"required name=search_term_string\"}],\"inLanguage\":\"fr-FR\"},{\"@type\":\"Organization\",\"@id\":\"https:\/\/blog.fuertehoteles.com\/fr\/#organization\",\"name\":\"Fuerte Group Hotels\",\"url\":\"https:\/\/blog.fuertehoteles.com\/fr\/\",\"logo\":{\"@type\":\"ImageObject\",\"inLanguage\":\"fr-FR\",\"@id\":\"https:\/\/blog.fuertehoteles.com\/fr\/#\/schema\/logo\/image\/\",\"url\":\"https:\/\/blog.fuertehoteles.com\/wp-content\/uploads\/2019\/02\/Logo_fuertegroup_ver_Gris-03.jpg\",\"contentUrl\":\"https:\/\/blog.fuertehoteles.com\/wp-content\/uploads\/2019\/02\/Logo_fuertegroup_ver_Gris-03.jpg\",\"width\":900,\"height\":900,\"caption\":\"Fuerte Group Hotels\"},\"image\":{\"@id\":\"https:\/\/blog.fuertehoteles.com\/fr\/#\/schema\/logo\/image\/\"},\"sameAs\":[\"https:\/\/www.facebook.com\/HotelesFuerte\",\"https:\/\/twitter.com\/fuertehoteles\",\"https:\/\/www.instagram.com\/fuertehoteles\/\",\"https:\/\/www.pinterest.es\/fuertehoteles\/\",\"https:\/\/www.youtube.com\/user\/fuertehoteles\"]}]}<\/script>\n<!-- \/ Yoast SEO plugin. -->","yoast_head_json":{"title":"Avertissement l\u00e9gal et Politique de confidentialit\u00e9 - Blog Fuerte Hoteles","description":"INFORMATION CONFORM\u00c9MENT \u00c0 LA LOI 34\/2002, DU 11 JUILLET Conform\u00e9ment aux dispositions de l\u2019article\u00a010 de la Loi 34\/2002, du 11 juillet, sur les Services","robots":{"index":"index","follow":"follow","max-snippet":"max-snippet:-1","max-image-preview":"max-image-preview:large","max-video-preview":"max-video-preview:-1"},"canonical":"https:\/\/blog.fuertehoteles.com\/fr\/condiciones-legales\/","og_locale":"fr_FR","og_type":"article","og_title":"Avertissement l\u00e9gal et Politique de confidentialit\u00e9 - Blog Fuerte Hoteles","og_description":"INFORMATION CONFORM\u00c9MENT \u00c0 LA LOI 34\/2002, DU 11 JUILLET Conform\u00e9ment aux dispositions de l\u2019article\u00a010 de la Loi 34\/2002, du 11 juillet, sur les Services","og_url":"https:\/\/blog.fuertehoteles.com\/fr\/condiciones-legales\/","og_site_name":"Blog Fuerte Hoteles","article_publisher":"https:\/\/www.facebook.com\/HotelesFuerte","article_modified_time":"2018-06-14T08:58:56+00:00","twitter_card":"summary_large_image","twitter_site":"@fuertehoteles","twitter_misc":{"Dur\u00e9e de lecture estim\u00e9e":"8 minutes"},"schema":{"@context":"https:\/\/schema.org","@graph":[{"@type":"WebPage","@id":"https:\/\/blog.fuertehoteles.com\/fr\/condiciones-legales\/","url":"https:\/\/blog.fuertehoteles.com\/fr\/condiciones-legales\/","name":"Avertissement l\u00e9gal et Politique de confidentialit\u00e9 - Blog Fuerte Hoteles","isPartOf":{"@id":"https:\/\/blog.fuertehoteles.com\/fr\/#website"},"datePublished":"2015-05-29T15:19:35+00:00","dateModified":"2018-06-14T08:58:56+00:00","description":"INFORMATION CONFORM\u00c9MENT \u00c0 LA LOI 34\/2002, DU 11 JUILLET Conform\u00e9ment aux dispositions de l\u2019article\u00a010 de la Loi 34\/2002, du 11 juillet, sur les Services","breadcrumb":{"@id":"https:\/\/blog.fuertehoteles.com\/fr\/condiciones-legales\/#breadcrumb"},"inLanguage":"fr-FR","potentialAction":[{"@type":"ReadAction","target":["https:\/\/blog.fuertehoteles.com\/fr\/condiciones-legales\/"]}]},{"@type":"BreadcrumbList","@id":"https:\/\/blog.fuertehoteles.com\/fr\/condiciones-legales\/#breadcrumb","itemListElement":[{"@type":"ListItem","position":1,"name":"Home","item":"https:\/\/blog.fuertehoteles.com\/fr\/"},{"@type":"ListItem","position":2,"name":"Avertissement l\u00e9gal et Politique de confidentialit\u00e9"}]},{"@type":"WebSite","@id":"https:\/\/blog.fuertehoteles.com\/fr\/#website","url":"https:\/\/blog.fuertehoteles.com\/fr\/","name":"Blog Fuerte Hoteles","description":"Blog de Voyage de Andalousie, H\u00f4tel blog","publisher":{"@id":"https:\/\/blog.fuertehoteles.com\/fr\/#organization"},"potentialAction":[{"@type":"SearchAction","target":{"@type":"EntryPoint","urlTemplate":"https:\/\/blog.fuertehoteles.com\/fr\/?s={search_term_string}"},"query-input":"required name=search_term_string"}],"inLanguage":"fr-FR"},{"@type":"Organization","@id":"https:\/\/blog.fuertehoteles.com\/fr\/#organization","name":"Fuerte Group Hotels","url":"https:\/\/blog.fuertehoteles.com\/fr\/","logo":{"@type":"ImageObject","inLanguage":"fr-FR","@id":"https:\/\/blog.fuertehoteles.com\/fr\/#\/schema\/logo\/image\/","url":"https:\/\/blog.fuertehoteles.com\/wp-content\/uploads\/2019\/02\/Logo_fuertegroup_ver_Gris-03.jpg","contentUrl":"https:\/\/blog.fuertehoteles.com\/wp-content\/uploads\/2019\/02\/Logo_fuertegroup_ver_Gris-03.jpg","width":900,"height":900,"caption":"Fuerte Group Hotels"},"image":{"@id":"https:\/\/blog.fuertehoteles.com\/fr\/#\/schema\/logo\/image\/"},"sameAs":["https:\/\/www.facebook.com\/HotelesFuerte","https:\/\/twitter.com\/fuertehoteles","https:\/\/www.instagram.com\/fuertehoteles\/","https:\/\/www.pinterest.es\/fuertehoteles\/","https:\/\/www.youtube.com\/user\/fuertehoteles"]}]}},"_links":{"self":[{"href":"https:\/\/blog.fuertehoteles.com\/fr\/wp-json\/wp\/v2\/pages\/24202"}],"collection":[{"href":"https:\/\/blog.fuertehoteles.com\/fr\/wp-json\/wp\/v2\/pages"}],"about":[{"href":"https:\/\/blog.fuertehoteles.com\/fr\/wp-json\/wp\/v2\/types\/page"}],"author":[{"embeddable":true,"href":"https:\/\/blog.fuertehoteles.com\/fr\/wp-json\/wp\/v2\/users\/11"}],"replies":[{"embeddable":true,"href":"https:\/\/blog.fuertehoteles.com\/fr\/wp-json\/wp\/v2\/comments?post=24202"}],"version-history":[{"count":5,"href":"https:\/\/blog.fuertehoteles.com\/fr\/wp-json\/wp\/v2\/pages\/24202\/revisions"}],"predecessor-version":[{"id":40774,"href":"https:\/\/blog.fuertehoteles.com\/fr\/wp-json\/wp\/v2\/pages\/24202\/revisions\/40774"}],"wp:attachment":[{"href":"https:\/\/blog.fuertehoteles.com\/fr\/wp-json\/wp\/v2\/media?parent=24202"}],"curies":[{"name":"wp","href":"https:\/\/api.w.org\/{rel}","templated":true}]}}